{"id":110,"date":"2022-08-17T11:10:21","date_gmt":"2022-08-17T09:10:21","guid":{"rendered":"http:\/\/146.59.153.172\/web\/?page_id=110"},"modified":"2025-04-25T12:30:56","modified_gmt":"2025-04-25T10:30:56","slug":"horaire-ouverture-secreatariat","status":"publish","type":"page","link":"https:\/\/www.pressignac.fr\/web\/index.php\/horaire-ouverture-secreatariat\/","title":{"rendered":"Horaire d&rsquo;ouverture du secr\u00e9tariat"},"content":{"rendered":"<div class=\"is-default-size aligncenter wp-block-site-logo\"><a href=\"https:\/\/www.pressignac.fr\/web\/\" class=\"custom-logo-link\" rel=\"home\"><img loading=\"lazy\" decoding=\"async\" width=\"981\" height=\"982\" src=\"https:\/\/www.pressignac.fr\/web\/wp-content\/uploads\/2022\/08\/logo-pressignac.png\" class=\"custom-logo\" alt=\"Pressignac\" srcset=\"https:\/\/www.pressignac.fr\/web\/wp-content\/uploads\/2022\/08\/logo-pressignac.png 981w, https:\/\/www.pressignac.fr\/web\/wp-content\/uploads\/2022\/08\/logo-pressignac-300x300.png 300w, https:\/\/www.pressignac.fr\/web\/wp-content\/uploads\/2022\/08\/logo-pressignac-150x150.png 150w, https:\/\/www.pressignac.fr\/web\/wp-content\/uploads\/2022\/08\/logo-pressignac-768x769.png 768w\" sizes=\"(max-width: 981px) 100vw, 981px\" \/><\/a><\/div>\n\n\n<h3 class=\"wp-block-heading has-text-align-center has-accent-color has-text-color\"><strong>Mairie Pressignac<br>05.45.89.04.56<\/strong><\/h3>\n\n\n\n<p class=\"has-text-align-center\">Lundi : 9h-12h \/ 14h-17h30<br>Mardi : 9h-12h \/ 14h-17h30<br>Mercredi : 9h-12h<br>Jeudi : Ferm\u00e9 au public<br>Vendredi : 9h-12h \/ 14h-16h30<\/p>\n\n\n\n<p>Le secr\u00e9tariat de la mairie sera ferm\u00e9 du LUNDI 28 AVRIL AU VENDREDI 02 MAI INCLUS; <\/p>\n","protected":false},"excerpt":{"rendered":"<p>Mairie Pressignac05.45.89.04.56 Lundi : 9h-12h \/ 14h-17h30Mardi : 9h-12h \/ 14h-17h30Mercredi : 9h-12hJeudi : Ferm\u00e9 au publicVendredi : 9h-12h \/ 14h-16h30 Le secr\u00e9tariat de la mairie sera ferm\u00e9 du LUNDI 28 AVRIL AU VENDREDI 02 MAI INCLUS;<\/p>\n","protected":false},"author":1,"featured_media":0,"parent":0,"menu_order":0,"comment_status":"closed","ping_status":"closed","template":"","meta":{"footnotes":""},"class_list":["post-110","page","type-page","status-publish","hentry"],"yoast_head":"<!-- This site is optimized with the Yoast SEO plugin v25.6 - https:\/\/yoast.com\/wordpress\/plugins\/seo\/ -->\n<title>Horaire d&#039;ouverture du secr\u00e9tariat - Pressignac<\/title>\n<meta name=\"description\" content=\"Pressignac 16150 commune salle polyvalente m\u00e9t\u00e9orite \u00e9tang de la chauffie camping plage de la Guerlie la Judie la Guierce le Mas du Bost la Croix le petit chalais le grand chalais la n\u00e9grerie chez martin Vou\u00e9ras Valette Pers Bors Puymis Les Gouttes Mandat Fonceverane Chez Mariaud Magni\u00e9ras association mare nature centre \u00e9questre lac de haute charente Lavaud Charente Limousine Limousin Nature et Randonn\u00e9e machine \u00e0 pain chateau de la Bonetheve Andr\u00e9 Berland algues vaches bovins moutons \u00e9levage bois Mas Chaban hirondelles \u00e9cole rochechouart N141 Chassenon\" \/>\n<meta name=\"robots\" content=\"index, follow, max-snippet:-1, max-image-preview:large, max-video-preview:-1\" \/>\n<link rel=\"canonical\" href=\"https:\/\/www.pressignac.fr\/web\/index.php\/horaire-ouverture-secreatariat\/\" \/>\n<meta property=\"og:locale\" content=\"fr_FR\" \/>\n<meta property=\"og:type\" content=\"article\" \/>\n<meta property=\"og:title\" content=\"Horaire d&#039;ouverture du secr\u00e9tariat - Pressignac\" \/>\n<meta property=\"og:description\" content=\"Pressignac 16150 commune salle polyvalente m\u00e9t\u00e9orite \u00e9tang de la chauffie camping plage de la Guerlie la Judie la Guierce le Mas du Bost la Croix le petit chalais le grand chalais la n\u00e9grerie chez martin Vou\u00e9ras Valette Pers Bors Puymis Les Gouttes Mandat Fonceverane Chez Mariaud Magni\u00e9ras association mare nature centre \u00e9questre lac de haute charente Lavaud Charente Limousine Limousin Nature et Randonn\u00e9e machine \u00e0 pain chateau de la Bonetheve Andr\u00e9 Berland algues vaches bovins moutons \u00e9levage bois Mas Chaban hirondelles \u00e9cole rochechouart N141 Chassenon\" \/>\n<meta property=\"og:url\" content=\"https:\/\/www.pressignac.fr\/web\/index.php\/horaire-ouverture-secreatariat\/\" \/>\n<meta property=\"og:site_name\" content=\"Pressignac\" \/>\n<meta property=\"article:modified_time\" content=\"2025-04-25T10:30:56+00:00\" \/>\n<meta name=\"twitter:card\" content=\"summary_large_image\" \/>\n<meta name=\"twitter:label1\" content=\"Dur\u00e9e de lecture estim\u00e9e\" \/>\n\t<meta name=\"twitter:data1\" content=\"1 minute\" \/>\n<script type=\"application\/ld+json\" class=\"yoast-schema-graph\">{\"@context\":\"https:\/\/schema.org\",\"@graph\":[{\"@type\":\"WebPage\",\"@id\":\"https:\/\/www.pressignac.fr\/web\/index.php\/horaire-ouverture-secreatariat\/\",\"url\":\"https:\/\/www.pressignac.fr\/web\/index.php\/horaire-ouverture-secreatariat\/\",\"name\":\"Horaire d'ouverture du secr\u00e9tariat - Pressignac\",\"isPartOf\":{\"@id\":\"https:\/\/www.pressignac.fr\/web\/#website\"},\"datePublished\":\"2022-08-17T09:10:21+00:00\",\"dateModified\":\"2025-04-25T10:30:56+00:00\",\"description\":\"Pressignac 16150 commune salle polyvalente m\u00e9t\u00e9orite \u00e9tang de la chauffie camping plage de la Guerlie la Judie la Guierce le Mas du Bost la Croix le petit chalais le grand chalais la n\u00e9grerie chez martin Vou\u00e9ras Valette Pers Bors Puymis Les Gouttes Mandat Fonceverane Chez Mariaud Magni\u00e9ras association mare nature centre \u00e9questre lac de haute charente Lavaud Charente Limousine Limousin Nature et Randonn\u00e9e machine \u00e0 pain chateau de la Bonetheve Andr\u00e9 Berland algues vaches bovins moutons \u00e9levage bois Mas Chaban hirondelles \u00e9cole rochechouart N141 Chassenon\",\"breadcrumb\":{\"@id\":\"https:\/\/www.pressignac.fr\/web\/index.php\/horaire-ouverture-secreatariat\/#breadcrumb\"},\"inLanguage\":\"fr-FR\",\"potentialAction\":[{\"@type\":\"ReadAction\",\"target\":[\"https:\/\/www.pressignac.fr\/web\/index.php\/horaire-ouverture-secreatariat\/\"]}]},{\"@type\":\"BreadcrumbList\",\"@id\":\"https:\/\/www.pressignac.fr\/web\/index.php\/horaire-ouverture-secreatariat\/#breadcrumb\",\"itemListElement\":[{\"@type\":\"ListItem\",\"position\":1,\"name\":\"Accueil\",\"item\":\"https:\/\/www.pressignac.fr\/web\/\"},{\"@type\":\"ListItem\",\"position\":2,\"name\":\"Horaire d&rsquo;ouverture du secr\u00e9tariat\"}]},{\"@type\":\"WebSite\",\"@id\":\"https:\/\/www.pressignac.fr\/web\/#website\",\"url\":\"https:\/\/www.pressignac.fr\/web\/\",\"name\":\"Pressignac\",\"description\":\"Commune de Charente Limousine\",\"publisher\":{\"@id\":\"https:\/\/www.pressignac.fr\/web\/#organization\"},\"potentialAction\":[{\"@type\":\"SearchAction\",\"target\":{\"@type\":\"EntryPoint\",\"urlTemplate\":\"https:\/\/www.pressignac.fr\/web\/?s={search_term_string}\"},\"query-input\":{\"@type\":\"PropertyValueSpecification\",\"valueRequired\":true,\"valueName\":\"search_term_string\"}}],\"inLanguage\":\"fr-FR\"},{\"@type\":\"Organization\",\"@id\":\"https:\/\/www.pressignac.fr\/web\/#organization\",\"name\":\"Pressignac\",\"url\":\"https:\/\/www.pressignac.fr\/web\/\",\"logo\":{\"@type\":\"ImageObject\",\"inLanguage\":\"fr-FR\",\"@id\":\"https:\/\/www.pressignac.fr\/web\/#\/schema\/logo\/image\/\",\"url\":\"https:\/\/www.pressignac.fr\/web\/wp-content\/uploads\/2022\/08\/logo-pressignac.png\",\"contentUrl\":\"https:\/\/www.pressignac.fr\/web\/wp-content\/uploads\/2022\/08\/logo-pressignac.png\",\"width\":981,\"height\":982,\"caption\":\"Pressignac\"},\"image\":{\"@id\":\"https:\/\/www.pressignac.fr\/web\/#\/schema\/logo\/image\/\"}}]}<\/script>\n<!-- \/ Yoast SEO plugin. -->","yoast_head_json":{"title":"Horaire d'ouverture du secr\u00e9tariat - Pressignac","description":"Pressignac 16150 commune salle polyvalente m\u00e9t\u00e9orite \u00e9tang de la chauffie camping plage de la Guerlie la Judie la Guierce le Mas du Bost la Croix le petit chalais le grand chalais la n\u00e9grerie chez martin Vou\u00e9ras Valette Pers Bors Puymis Les Gouttes Mandat Fonceverane Chez Mariaud Magni\u00e9ras association mare nature centre \u00e9questre lac de haute charente Lavaud Charente Limousine Limousin Nature et Randonn\u00e9e machine \u00e0 pain chateau de la Bonetheve Andr\u00e9 Berland algues vaches bovins moutons \u00e9levage bois Mas Chaban hirondelles \u00e9cole rochechouart N141 Chassenon","robots":{"index":"index","follow":"follow","max-snippet":"max-snippet:-1","max-image-preview":"max-image-preview:large","max-video-preview":"max-video-preview:-1"},"canonical":"https:\/\/www.pressignac.fr\/web\/index.php\/horaire-ouverture-secreatariat\/","og_locale":"fr_FR","og_type":"article","og_title":"Horaire d'ouverture du secr\u00e9tariat - Pressignac","og_description":"Pressignac 16150 commune salle polyvalente m\u00e9t\u00e9orite \u00e9tang de la chauffie camping plage de la Guerlie la Judie la Guierce le Mas du Bost la Croix le petit chalais le grand chalais la n\u00e9grerie chez martin Vou\u00e9ras Valette Pers Bors Puymis Les Gouttes Mandat Fonceverane Chez Mariaud Magni\u00e9ras association mare nature centre \u00e9questre lac de haute charente Lavaud Charente Limousine Limousin Nature et Randonn\u00e9e machine \u00e0 pain chateau de la Bonetheve Andr\u00e9 Berland algues vaches bovins moutons \u00e9levage bois Mas Chaban hirondelles \u00e9cole rochechouart N141 Chassenon","og_url":"https:\/\/www.pressignac.fr\/web\/index.php\/horaire-ouverture-secreatariat\/","og_site_name":"Pressignac","article_modified_time":"2025-04-25T10:30:56+00:00","twitter_card":"summary_large_image","twitter_misc":{"Dur\u00e9e de lecture estim\u00e9e":"1 minute"},"schema":{"@context":"https:\/\/schema.org","@graph":[{"@type":"WebPage","@id":"https:\/\/www.pressignac.fr\/web\/index.php\/horaire-ouverture-secreatariat\/","url":"https:\/\/www.pressignac.fr\/web\/index.php\/horaire-ouverture-secreatariat\/","name":"Horaire d'ouverture du secr\u00e9tariat - Pressignac","isPartOf":{"@id":"https:\/\/www.pressignac.fr\/web\/#website"},"datePublished":"2022-08-17T09:10:21+00:00","dateModified":"2025-04-25T10:30:56+00:00","description":"Pressignac 16150 commune salle polyvalente m\u00e9t\u00e9orite \u00e9tang de la chauffie camping plage de la Guerlie la Judie la Guierce le Mas du Bost la Croix le petit chalais le grand chalais la n\u00e9grerie chez martin Vou\u00e9ras Valette Pers Bors Puymis Les Gouttes Mandat Fonceverane Chez Mariaud Magni\u00e9ras association mare nature centre \u00e9questre lac de haute charente Lavaud Charente Limousine Limousin Nature et Randonn\u00e9e machine \u00e0 pain chateau de la Bonetheve Andr\u00e9 Berland algues vaches bovins moutons \u00e9levage bois Mas Chaban hirondelles \u00e9cole rochechouart N141 Chassenon","breadcrumb":{"@id":"https:\/\/www.pressignac.fr\/web\/index.php\/horaire-ouverture-secreatariat\/#breadcrumb"},"inLanguage":"fr-FR","potentialAction":[{"@type":"ReadAction","target":["https:\/\/www.pressignac.fr\/web\/index.php\/horaire-ouverture-secreatariat\/"]}]},{"@type":"BreadcrumbList","@id":"https:\/\/www.pressignac.fr\/web\/index.php\/horaire-ouverture-secreatariat\/#breadcrumb","itemListElement":[{"@type":"ListItem","position":1,"name":"Accueil","item":"https:\/\/www.pressignac.fr\/web\/"},{"@type":"ListItem","position":2,"name":"Horaire d&rsquo;ouverture du secr\u00e9tariat"}]},{"@type":"WebSite","@id":"https:\/\/www.pressignac.fr\/web\/#website","url":"https:\/\/www.pressignac.fr\/web\/","name":"Pressignac","description":"Commune de Charente Limousine","publisher":{"@id":"https:\/\/www.pressignac.fr\/web\/#organization"},"potentialAction":[{"@type":"SearchAction","target":{"@type":"EntryPoint","urlTemplate":"https:\/\/www.pressignac.fr\/web\/?s={search_term_string}"},"query-input":{"@type":"PropertyValueSpecification","valueRequired":true,"valueName":"search_term_string"}}],"inLanguage":"fr-FR"},{"@type":"Organization","@id":"https:\/\/www.pressignac.fr\/web\/#organization","name":"Pressignac","url":"https:\/\/www.pressignac.fr\/web\/","logo":{"@type":"ImageObject","inLanguage":"fr-FR","@id":"https:\/\/www.pressignac.fr\/web\/#\/schema\/logo\/image\/","url":"https:\/\/www.pressignac.fr\/web\/wp-content\/uploads\/2022\/08\/logo-pressignac.png","contentUrl":"https:\/\/www.pressignac.fr\/web\/wp-content\/uploads\/2022\/08\/logo-pressignac.png","width":981,"height":982,"caption":"Pressignac"},"image":{"@id":"https:\/\/www.pressignac.fr\/web\/#\/schema\/logo\/image\/"}}]}},"_links":{"self":[{"href":"https:\/\/www.pressignac.fr\/web\/index.php\/wp-json\/wp\/v2\/pages\/110"}],"collection":[{"href":"https:\/\/www.pressignac.fr\/web\/index.php\/wp-json\/wp\/v2\/pages"}],"about":[{"href":"https:\/\/www.pressignac.fr\/web\/index.php\/wp-json\/wp\/v2\/types\/page"}],"author":[{"embeddable":true,"href":"https:\/\/www.pressignac.fr\/web\/index.php\/wp-json\/wp\/v2\/users\/1"}],"replies":[{"embeddable":true,"href":"https:\/\/www.pressignac.fr\/web\/index.php\/wp-json\/wp\/v2\/comments?post=110"}],"version-history":[{"count":12,"href":"https:\/\/www.pressignac.fr\/web\/index.php\/wp-json\/wp\/v2\/pages\/110\/revisions"}],"predecessor-version":[{"id":990,"href":"https:\/\/www.pressignac.fr\/web\/index.php\/wp-json\/wp\/v2\/pages\/110\/revisions\/990"}],"wp:attachment":[{"href":"https:\/\/www.pressignac.fr\/web\/index.php\/wp-json\/wp\/v2\/media?parent=110"}],"curies":[{"name":"wp","href":"https:\/\/api.w.org\/{rel}","templated":true}]}}