{"id":12,"date":"2022-08-08T12:04:42","date_gmt":"2022-08-08T10:04:42","guid":{"rendered":"http:\/\/146.59.153.172\/web\/?page_id=12"},"modified":"2025-04-25T15:18:08","modified_gmt":"2025-04-25T13:18:08","slug":"commune-pressignac","status":"publish","type":"page","link":"https:\/\/www.pressignac.fr\/web\/","title":{"rendered":"Commune de Pressignac"},"content":{"rendered":"<div class=\"wp-block-image\">\n<figure class=\"alignleft size-full is-resized\" id=\"Logo-Pressignac\"><img loading=\"lazy\" decoding=\"async\" width=\"981\" height=\"982\" src=\"https:\/\/www.pressignac.fr\/web\/wp-content\/uploads\/2022\/08\/logo-pressignac.png\" alt=\"Logo Pressignac commune 16150\" class=\"wp-image-130\" style=\"width:136px;height:135px\" title=\"logo Pressignac\" srcset=\"https:\/\/www.pressignac.fr\/web\/wp-content\/uploads\/2022\/08\/logo-pressignac.png 981w, https:\/\/www.pressignac.fr\/web\/wp-content\/uploads\/2022\/08\/logo-pressignac-300x300.png 300w, https:\/\/www.pressignac.fr\/web\/wp-content\/uploads\/2022\/08\/logo-pressignac-150x150.png 150w, https:\/\/www.pressignac.fr\/web\/wp-content\/uploads\/2022\/08\/logo-pressignac-768x769.png 768w\" sizes=\"(max-width: 981px) 100vw, 981px\" \/><\/figure><\/div>\n\n\n<p>Mairie 16150 Commune Pressignac Charente Limousine France officiel m\u00e9t\u00e9orite \u00e9tang chauffie lac lavaud observatoire plage actualit\u00e9s informations f\u00eate pain bois \u00e9questre lotissement agriculture p\u00e9che vaches moutons cigogne lavoirs mares ruisseaux rivi\u00e8res fleuve Chez Bandes, Bon\u00e9t\u00e8ve, Bors, le Bouchet, le Bournet, le Ch\u00e2teau Banal, la Chauffie, la Croix, les Fayolles, Fontceverane, Fougeras, la Gardette, les Gouttes, le Grand Bois, le Grand Chalais, la Guerlie, la Guierce, la Judie, Magni\u00e9ras, Mandat, Chez Mariaud, Chez Martin, la Martinie, le Mas du Baud, Chez le Mineur, Pers, le Petit Chalais, Puymis, Valette, Veilleraud, Vou\u00e9ras Moulin Paute CETEF Loire Bretagne Adour Garonne Nature Randonn\u00e9e pierre Lune Soleil bar salon th\u00e9 \u00e9glise distributeur poste magasin producteurs restaurant 16 algues roseli\u00e8res oiseaux odonates papillons miel abeilles frelons chats chiens chevaux poneys scierie commune de pressignac 16150 art infirmier infirmi\u00e8re ost\u00e9opathe borne \u00e9lectrique succise des pr\u00e9s Succisa pratensis Mors-du-Diable lande bruy\u00e8re cendr\u00e9e Erica cinerea callune ajoncs cutem <\/p>\n\n\n\n<p><a href=\"https:\/\/www.mare-nature.fr\/\">https:\/\/www.mare-nature.fr\/<\/a><\/p>\n\n\n\n<p><a href=\"https:\/\/www.pressignac.fr\/web\/index.php\/category\/demarches\/\">https:\/\/www.pressignac.fr\/web\/index.php\/category\/demarches\/<\/a><\/p>\n\n\n\n<p><a href=\"https:\/\/www.pressignac.fr\/web\/index.php\/category\/informations\/\">https:\/\/www.pressignac.fr\/web\/index.php\/category\/informations\/<\/a><\/p>\n\n\n\n<p><a href=\"https:\/\/www.pressignac.fr\/web\/index.php\/category\/evenements\/\">https:\/\/www.pressignac.fr\/web\/index.php\/category\/evenements\/<\/a><\/p>\n\n\n\n<p><\/p>\n\n\n\n<p><\/p>\n","protected":false},"excerpt":{"rendered":"<p>Mairie 16150 Commune Pressignac Charente Limousine France officiel m\u00e9t\u00e9orite \u00e9tang chauffie lac lavaud observatoire plage actualit\u00e9s informations f\u00eate pain bois \u00e9questre lotissement agriculture p\u00e9che vaches moutons cigogne lavoirs mares ruisseaux rivi\u00e8res fleuve Chez Bandes, Bon\u00e9t\u00e8ve, Bors, le Bouchet, le Bournet, le Ch\u00e2teau Banal, la Chauffie, la Croix, les Fayolles, Fontceverane, [&hellip;]<\/p>\n","protected":false},"author":1,"featured_media":130,"parent":0,"menu_order":0,"comment_status":"closed","ping_status":"closed","template":"","meta":{"footnotes":""},"class_list":["post-12","page","type-page","status-publish","has-post-thumbnail","hentry"],"yoast_head":"<!-- This site is optimized with the Yoast SEO plugin v25.6 - https:\/\/yoast.com\/wordpress\/plugins\/seo\/ -->\n<title>commune de Pressignac 16150<\/title>\n<meta name=\"description\" content=\"Mairie 16150 Commune Pressignac Charente Limousine France officiel m\u00e9t\u00e9orite \u00e9tang chauffie lac lavaud plage actualit\u00e9s informations mares\" \/>\n<meta name=\"robots\" content=\"index, follow, max-snippet:-1, max-image-preview:large, max-video-preview:-1\" \/>\n<link rel=\"canonical\" href=\"https:\/\/www.pressignac.fr\/web\/\" \/>\n<meta property=\"og:locale\" content=\"fr_FR\" \/>\n<meta property=\"og:type\" content=\"article\" \/>\n<meta property=\"og:title\" content=\"commune de Pressignac 16150\" \/>\n<meta property=\"og:description\" content=\"Mairie 16150 Commune Pressignac Charente Limousine France officiel m\u00e9t\u00e9orite \u00e9tang chauffie lac lavaud plage actualit\u00e9s informations mares\" \/>\n<meta property=\"og:url\" content=\"https:\/\/www.pressignac.fr\/web\/\" \/>\n<meta property=\"og:site_name\" content=\"Pressignac\" \/>\n<meta property=\"article:modified_time\" content=\"2025-04-25T13:18:08+00:00\" \/>\n<meta property=\"og:image\" content=\"https:\/\/www.pressignac.fr\/web\/wp-content\/uploads\/2022\/08\/logo-pressignac.png\" \/>\n\t<meta property=\"og:image:width\" content=\"981\" \/>\n\t<meta property=\"og:image:height\" content=\"982\" \/>\n\t<meta property=\"og:image:type\" content=\"image\/png\" \/>\n<meta name=\"twitter:card\" content=\"summary_large_image\" \/>\n<meta name=\"twitter:label1\" content=\"Dur\u00e9e de lecture estim\u00e9e\" \/>\n\t<meta name=\"twitter:data1\" content=\"2 minutes\" \/>\n<script type=\"application\/ld+json\" class=\"yoast-schema-graph\">{\"@context\":\"https:\/\/schema.org\",\"@graph\":[{\"@type\":\"WebPage\",\"@id\":\"https:\/\/www.pressignac.fr\/web\/\",\"url\":\"https:\/\/www.pressignac.fr\/web\/\",\"name\":\"commune de Pressignac 16150\",\"isPartOf\":{\"@id\":\"https:\/\/www.pressignac.fr\/web\/#website\"},\"primaryImageOfPage\":{\"@id\":\"https:\/\/www.pressignac.fr\/web\/#primaryimage\"},\"image\":{\"@id\":\"https:\/\/www.pressignac.fr\/web\/#primaryimage\"},\"thumbnailUrl\":\"https:\/\/www.pressignac.fr\/web\/wp-content\/uploads\/2022\/08\/logo-pressignac.png\",\"datePublished\":\"2022-08-08T10:04:42+00:00\",\"dateModified\":\"2025-04-25T13:18:08+00:00\",\"description\":\"Mairie 16150 Commune Pressignac Charente Limousine France officiel m\u00e9t\u00e9orite \u00e9tang chauffie lac lavaud plage actualit\u00e9s informations mares\",\"breadcrumb\":{\"@id\":\"https:\/\/www.pressignac.fr\/web\/#breadcrumb\"},\"inLanguage\":\"fr-FR\",\"potentialAction\":[{\"@type\":\"ReadAction\",\"target\":[\"https:\/\/www.pressignac.fr\/web\/\"]}]},{\"@type\":\"ImageObject\",\"inLanguage\":\"fr-FR\",\"@id\":\"https:\/\/www.pressignac.fr\/web\/#primaryimage\",\"url\":\"https:\/\/www.pressignac.fr\/web\/wp-content\/uploads\/2022\/08\/logo-pressignac.png\",\"contentUrl\":\"https:\/\/www.pressignac.fr\/web\/wp-content\/uploads\/2022\/08\/logo-pressignac.png\",\"width\":981,\"height\":982},{\"@type\":\"BreadcrumbList\",\"@id\":\"https:\/\/www.pressignac.fr\/web\/#breadcrumb\",\"itemListElement\":[{\"@type\":\"ListItem\",\"position\":1,\"name\":\"Accueil\",\"item\":\"https:\/\/www.pressignac.fr\/web\/\"},{\"@type\":\"ListItem\",\"position\":2,\"name\":\"Commune de Pressignac\"}]},{\"@type\":\"WebSite\",\"@id\":\"https:\/\/www.pressignac.fr\/web\/#website\",\"url\":\"https:\/\/www.pressignac.fr\/web\/\",\"name\":\"Pressignac\",\"description\":\"Commune de Charente Limousine\",\"publisher\":{\"@id\":\"https:\/\/www.pressignac.fr\/web\/#organization\"},\"potentialAction\":[{\"@type\":\"SearchAction\",\"target\":{\"@type\":\"EntryPoint\",\"urlTemplate\":\"https:\/\/www.pressignac.fr\/web\/?s={search_term_string}\"},\"query-input\":{\"@type\":\"PropertyValueSpecification\",\"valueRequired\":true,\"valueName\":\"search_term_string\"}}],\"inLanguage\":\"fr-FR\"},{\"@type\":\"Organization\",\"@id\":\"https:\/\/www.pressignac.fr\/web\/#organization\",\"name\":\"Pressignac\",\"url\":\"https:\/\/www.pressignac.fr\/web\/\",\"logo\":{\"@type\":\"ImageObject\",\"inLanguage\":\"fr-FR\",\"@id\":\"https:\/\/www.pressignac.fr\/web\/#\/schema\/logo\/image\/\",\"url\":\"https:\/\/www.pressignac.fr\/web\/wp-content\/uploads\/2022\/08\/logo-pressignac.png\",\"contentUrl\":\"https:\/\/www.pressignac.fr\/web\/wp-content\/uploads\/2022\/08\/logo-pressignac.png\",\"width\":981,\"height\":982,\"caption\":\"Pressignac\"},\"image\":{\"@id\":\"https:\/\/www.pressignac.fr\/web\/#\/schema\/logo\/image\/\"}}]}<\/script>\n<!-- \/ Yoast SEO plugin. -->","yoast_head_json":{"title":"commune de Pressignac 16150","description":"Mairie 16150 Commune Pressignac Charente Limousine France officiel m\u00e9t\u00e9orite \u00e9tang chauffie lac lavaud plage actualit\u00e9s informations mares","robots":{"index":"index","follow":"follow","max-snippet":"max-snippet:-1","max-image-preview":"max-image-preview:large","max-video-preview":"max-video-preview:-1"},"canonical":"https:\/\/www.pressignac.fr\/web\/","og_locale":"fr_FR","og_type":"article","og_title":"commune de Pressignac 16150","og_description":"Mairie 16150 Commune Pressignac Charente Limousine France officiel m\u00e9t\u00e9orite \u00e9tang chauffie lac lavaud plage actualit\u00e9s informations mares","og_url":"https:\/\/www.pressignac.fr\/web\/","og_site_name":"Pressignac","article_modified_time":"2025-04-25T13:18:08+00:00","og_image":[{"width":981,"height":982,"url":"https:\/\/www.pressignac.fr\/web\/wp-content\/uploads\/2022\/08\/logo-pressignac.png","type":"image\/png"}],"twitter_card":"summary_large_image","twitter_misc":{"Dur\u00e9e de lecture estim\u00e9e":"2 minutes"},"schema":{"@context":"https:\/\/schema.org","@graph":[{"@type":"WebPage","@id":"https:\/\/www.pressignac.fr\/web\/","url":"https:\/\/www.pressignac.fr\/web\/","name":"commune de Pressignac 16150","isPartOf":{"@id":"https:\/\/www.pressignac.fr\/web\/#website"},"primaryImageOfPage":{"@id":"https:\/\/www.pressignac.fr\/web\/#primaryimage"},"image":{"@id":"https:\/\/www.pressignac.fr\/web\/#primaryimage"},"thumbnailUrl":"https:\/\/www.pressignac.fr\/web\/wp-content\/uploads\/2022\/08\/logo-pressignac.png","datePublished":"2022-08-08T10:04:42+00:00","dateModified":"2025-04-25T13:18:08+00:00","description":"Mairie 16150 Commune Pressignac Charente Limousine France officiel m\u00e9t\u00e9orite \u00e9tang chauffie lac lavaud plage actualit\u00e9s informations mares","breadcrumb":{"@id":"https:\/\/www.pressignac.fr\/web\/#breadcrumb"},"inLanguage":"fr-FR","potentialAction":[{"@type":"ReadAction","target":["https:\/\/www.pressignac.fr\/web\/"]}]},{"@type":"ImageObject","inLanguage":"fr-FR","@id":"https:\/\/www.pressignac.fr\/web\/#primaryimage","url":"https:\/\/www.pressignac.fr\/web\/wp-content\/uploads\/2022\/08\/logo-pressignac.png","contentUrl":"https:\/\/www.pressignac.fr\/web\/wp-content\/uploads\/2022\/08\/logo-pressignac.png","width":981,"height":982},{"@type":"BreadcrumbList","@id":"https:\/\/www.pressignac.fr\/web\/#breadcrumb","itemListElement":[{"@type":"ListItem","position":1,"name":"Accueil","item":"https:\/\/www.pressignac.fr\/web\/"},{"@type":"ListItem","position":2,"name":"Commune de Pressignac"}]},{"@type":"WebSite","@id":"https:\/\/www.pressignac.fr\/web\/#website","url":"https:\/\/www.pressignac.fr\/web\/","name":"Pressignac","description":"Commune de Charente Limousine","publisher":{"@id":"https:\/\/www.pressignac.fr\/web\/#organization"},"potentialAction":[{"@type":"SearchAction","target":{"@type":"EntryPoint","urlTemplate":"https:\/\/www.pressignac.fr\/web\/?s={search_term_string}"},"query-input":{"@type":"PropertyValueSpecification","valueRequired":true,"valueName":"search_term_string"}}],"inLanguage":"fr-FR"},{"@type":"Organization","@id":"https:\/\/www.pressignac.fr\/web\/#organization","name":"Pressignac","url":"https:\/\/www.pressignac.fr\/web\/","logo":{"@type":"ImageObject","inLanguage":"fr-FR","@id":"https:\/\/www.pressignac.fr\/web\/#\/schema\/logo\/image\/","url":"https:\/\/www.pressignac.fr\/web\/wp-content\/uploads\/2022\/08\/logo-pressignac.png","contentUrl":"https:\/\/www.pressignac.fr\/web\/wp-content\/uploads\/2022\/08\/logo-pressignac.png","width":981,"height":982,"caption":"Pressignac"},"image":{"@id":"https:\/\/www.pressignac.fr\/web\/#\/schema\/logo\/image\/"}}]}},"_links":{"self":[{"href":"https:\/\/www.pressignac.fr\/web\/index.php\/wp-json\/wp\/v2\/pages\/12"}],"collection":[{"href":"https:\/\/www.pressignac.fr\/web\/index.php\/wp-json\/wp\/v2\/pages"}],"about":[{"href":"https:\/\/www.pressignac.fr\/web\/index.php\/wp-json\/wp\/v2\/types\/page"}],"author":[{"embeddable":true,"href":"https:\/\/www.pressignac.fr\/web\/index.php\/wp-json\/wp\/v2\/users\/1"}],"replies":[{"embeddable":true,"href":"https:\/\/www.pressignac.fr\/web\/index.php\/wp-json\/wp\/v2\/comments?post=12"}],"version-history":[{"count":31,"href":"https:\/\/www.pressignac.fr\/web\/index.php\/wp-json\/wp\/v2\/pages\/12\/revisions"}],"predecessor-version":[{"id":996,"href":"https:\/\/www.pressignac.fr\/web\/index.php\/wp-json\/wp\/v2\/pages\/12\/revisions\/996"}],"wp:featuredmedia":[{"embeddable":true,"href":"https:\/\/www.pressignac.fr\/web\/index.php\/wp-json\/wp\/v2\/media\/130"}],"wp:attachment":[{"href":"https:\/\/www.pressignac.fr\/web\/index.php\/wp-json\/wp\/v2\/media?parent=12"}],"curies":[{"name":"wp","href":"https:\/\/api.w.org\/{rel}","templated":true}]}}